{"id":237,"date":"2022-07-30T20:54:07","date_gmt":"2022-07-30T20:54:07","guid":{"rendered":"https:\/\/algarvestp.pt\/?page_id=237"},"modified":"2026-04-10T12:12:37","modified_gmt":"2026-04-10T12:12:37","slug":"dih","status":"publish","type":"page","link":"https:\/\/algarvestp.pt\/en\/dih\/","title":{"rendered":"DIH"},"content":{"rendered":"<div id=\"page-header-1519141178\" class=\"page-header-wrapper\">\n  <div class=\"page-title dark featured-title\">\n\n        <div class=\"page-title-bg\">\n      <div class=\"title-bg fill bg-fill\"\n        data-parallax-container=\".page-title\"\n        data-parallax-background\n data-parallax=\"-\">\n      <\/div>\n      <div class=\"title-overlay fill\"><\/div>\n    <\/div>\n    \n    <div class=\"page-title-inner container align-center flex-row medium-flex-wrap\" >\n              <div class=\"title-wrapper uppercase flex-col text-left medium-text-center\">\n          <h1 class=\"entry-title mb-0\">\n            DIH          <\/h1>\n        <\/div>\n                    <div class=\"title-content flex-col flex-right text-right medium-text-center\">\n        <div class=\"title-breadcrumbs pb-half pt-half\"><\/div>      <\/div>\n    <\/div>\n\n     \n<style>\n#page-header-1519141178 .title-bg {\n  background-image: url(https:\/\/algarvestp.pt\/wp-content\/uploads\/2022\/07\/top-menu-fundo.jpg);\n  background-position: 0% 100%;\n}\n<\/style>\n  <\/div>\n    <\/div>\n  \n\t<section class=\"section\" id=\"section_1828141941\">\n\t\t<div class=\"bg section-bg fill bg-fill  bg-loaded\" >\n\n\t\t\t\n\t\t\t\n\t\t\t\n\n\t\t<\/div>\n\n\t\t\n\n\t\t<div class=\"section-content relative\">\n\t\t\t\n<div class=\"row align-middle\"  id=\"row-659651250\">\n\n\t<div id=\"col-1547009190\" class=\"col small-12 large-12\"  >\n\t\t\t\t<div class=\"col-inner\"  >\n\t\t\t\n\t\t\t\n\t<div id=\"text-4060459427\" class=\"text\">\n\t\t\n<h1><b>Algarve Smart Destination\u00a0<\/b><\/h1>\n<p><span style=\"font-weight: 400;\">O <strong>Algarve Smart Destination<\/strong>, \u00e9 um <strong>Digital Innovation Hub<\/strong>, que tem como foco a cria\u00e7\u00e3o de liga\u00e7\u00f5es e sinergias entre institui\u00e7\u00f5es de investiga\u00e7\u00e3o, centros industriais e tecnol\u00f3gicos, associa\u00e7\u00f5es industriais, incubadoras, parques cient\u00edficos e tecnol\u00f3gicos, empresas industriais, empresas tecnol\u00f3gicas, institui\u00e7\u00f5es de forma\u00e7\u00e3o, e ag\u00eancias governamentais. <\/span> <strong>O Algarve Smart Destination tem os seguintes objetivos:<\/strong><\/p>\n<ul>\n<li><span style=\"font-weight: 400;\">Establish links between technology providers and the technological needs of tourism and smart destinations and cities;<\/span><\/li>\n<li><span style=\"font-weight: 400;\">Support SMEs in the digitisation process;<\/span><\/li>\n<li><span style=\"font-weight: 400;\">Improve the use of technology solution to solve problems in tourism and smart destinations and cities;<\/span><\/li>\n<li><span style=\"font-weight: 400;\">Attract innovative and technological suppliers in the territory, mainly for the tourism sector and smart destination management using ICT and process digitisation;<\/span><\/li>\n<li><span style=\"font-weight: 400;\">Create a favourable environment for technological development and experimentation;<\/span><\/li>\n<li><span style=\"font-weight: 400;\">Develop AI and deep learning applied in the tourism sectors and in digital marketing applications. <\/span><i><span style=\"font-weight: 400;\">deep learning<\/span><\/i><span style=\"font-weight: 400;\"> aplicada nos sectores do turismo e em aplica\u00e7\u00f5es de marketing digital.<\/span><\/li>\n<\/ul>\n\t\t\n<style>\n#text-4060459427 {\n  line-height: 1.75;\n}\n<\/style>\n\t<\/div>\n\t\n<p>&nbsp;<\/p>\n\t<div class=\"img has-hover x md-x lg-x y md-y lg-y\" id=\"image_1638620759\">\n\t\t<a class=\"\" href=\"\/en\/O ASD tem os seguintes objetivos: Estabelecer liga\u00e7\u00f5es entre os fornecedores de tecnologia e as necessidades tecnol\u00f3gicas do turismo e dos destinos e cidades inteligentes; Apoiar as PME's no processo de digitaliza\u00e7\u00e3o; Melhorar a utiliza\u00e7\u00e3o da solu\u00e7\u00e3o tecnol\u00f3gica para a resolu\u00e7\u00e3o de problemas no turismo e nos destinos e cidades inteligentes; Atrair fornecedores inovadores e tecnol\u00f3gicos no territ\u00f3rio, principalmente para o sector do turismo e gest\u00e3o de destinos inteligentes utilizando as TIC e a digitaliza\u00e7\u00e3o de processos; Criar um ambiente favor\u00e1vel ao desenvolvimento tecnol\u00f3gico e \u00e0 experimenta\u00e7\u00e3o; Desenvolver IA e deep learning aplicada nos sectores do turismo e em aplica\u00e7\u00f5es de marketing digital. https:\/\/www.algarvesmartdestination.com\/\" target=\"_blank\" rel=\"noopener noreferrer\" >\t\t\t\t\t\t<div class=\"img-inner dark\" >\n\t\t\t<img loading=\"lazy\" decoding=\"async\" width=\"1020\" height=\"234\" src=\"https:\/\/algarvestp.pt\/wp-content\/uploads\/2022\/08\/ASD-1024x235.png\" class=\"attachment-large size-large\" alt=\"\" srcset=\"https:\/\/algarvestp.pt\/wp-content\/uploads\/2022\/08\/ASD-1024x235.png 1024w, https:\/\/algarvestp.pt\/wp-content\/uploads\/2022\/08\/ASD-300x69.png 300w, https:\/\/algarvestp.pt\/wp-content\/uploads\/2022\/08\/ASD-768x176.png 768w, https:\/\/algarvestp.pt\/wp-content\/uploads\/2022\/08\/ASD-18x4.png 18w, https:\/\/algarvestp.pt\/wp-content\/uploads\/2022\/08\/ASD.png 1028w\" sizes=\"auto, (max-width: 1020px) 100vw, 1020px\" \/>\t\t\t\t\t\t\n\t\t\t\t\t<\/div>\n\t\t\t\t\t\t<\/a>\t\t\n<style>\n#image_1638620759 {\n  width: 100%;\n}\n<\/style>\n\t<\/div>\n\t\n\t\t<\/div>\n\t\t\t\t\t<\/div>\n\n\t\n<\/div>\n\t\t<\/div>\n\n\t\t\n<style>\n#section_1828141941 {\n  padding-top: 30px;\n  padding-bottom: 30px;\n}\n#section_1828141941 .ux-shape-divider--top svg {\n  height: 150px;\n  --divider-top-width: 100%;\n}\n#section_1828141941 .ux-shape-divider--bottom svg {\n  height: 150px;\n  --divider-width: 100%;\n}\n<\/style>\n\t<\/section>","protected":false},"excerpt":{"rendered":"","protected":false},"author":1,"featured_media":0,"parent":0,"menu_order":0,"comment_status":"closed","ping_status":"closed","template":"page-blank.php","meta":{"footnotes":""},"class_list":["post-237","page","type-page","status-publish","hentry"],"yoast_head":"<!-- This site is optimized with the Yoast SEO plugin v21.2 - https:\/\/yoast.com\/wordpress\/plugins\/seo\/ -->\n<title>DIH - Algarve STP<\/title>\n<meta name=\"robots\" content=\"index, follow, max-snippet:-1, max-image-preview:large, max-video-preview:-1\" \/>\n<link rel=\"canonical\" href=\"https:\/\/algarvestp.pt\/en\/dih\/\" \/>\n<meta property=\"og:locale\" content=\"en_GB\" \/>\n<meta property=\"og:type\" content=\"article\" \/>\n<meta property=\"og:title\" content=\"DIH - Algarve STP\" \/>\n<meta property=\"og:url\" content=\"https:\/\/algarvestp.pt\/en\/dih\/\" \/>\n<meta property=\"og:site_name\" content=\"Algarve STP\" \/>\n<meta property=\"article:modified_time\" content=\"2026-04-10T12:12:37+00:00\" \/>\n<meta name=\"twitter:card\" content=\"summary_large_image\" \/>\n<meta name=\"twitter:label1\" content=\"Estimated reading time\" \/>\n\t<meta name=\"twitter:data1\" content=\"2 minutes\" \/>\n<script type=\"application\/ld+json\" class=\"yoast-schema-graph\">{\"@context\":\"https:\/\/schema.org\",\"@graph\":[{\"@type\":\"WebPage\",\"@id\":\"https:\/\/algarvestp.pt\/dih\/\",\"url\":\"https:\/\/algarvestp.pt\/dih\/\",\"name\":\"DIH - Algarve STP\",\"isPartOf\":{\"@id\":\"https:\/\/algarvestp.pt\/en\/#website\"},\"datePublished\":\"2022-07-30T20:54:07+00:00\",\"dateModified\":\"2026-04-10T12:12:37+00:00\",\"breadcrumb\":{\"@id\":\"https:\/\/algarvestp.pt\/dih\/#breadcrumb\"},\"inLanguage\":\"en-GB\",\"potentialAction\":[{\"@type\":\"ReadAction\",\"target\":[\"https:\/\/algarvestp.pt\/dih\/\"]}]},{\"@type\":\"BreadcrumbList\",\"@id\":\"https:\/\/algarvestp.pt\/dih\/#breadcrumb\",\"itemListElement\":[{\"@type\":\"ListItem\",\"position\":1,\"name\":\"Home\",\"item\":\"https:\/\/algarvestp.pt\/\"},{\"@type\":\"ListItem\",\"position\":2,\"name\":\"DIH\"}]},{\"@type\":\"WebSite\",\"@id\":\"https:\/\/algarvestp.pt\/en\/#website\",\"url\":\"https:\/\/algarvestp.pt\/en\/\",\"name\":\"Algarve STP\",\"description\":\"Algarve Systems and Technology Partnership\",\"potentialAction\":[{\"@type\":\"SearchAction\",\"target\":{\"@type\":\"EntryPoint\",\"urlTemplate\":\"https:\/\/algarvestp.pt\/en\/?s={search_term_string}\"},\"query-input\":\"required name=search_term_string\"}],\"inLanguage\":\"en-GB\"}]}<\/script>\n<!-- \/ Yoast SEO plugin. -->","yoast_head_json":{"title":"DIH - Algarve STP","robots":{"index":"index","follow":"follow","max-snippet":"max-snippet:-1","max-image-preview":"max-image-preview:large","max-video-preview":"max-video-preview:-1"},"canonical":"https:\/\/algarvestp.pt\/en\/dih\/","og_locale":"en_GB","og_type":"article","og_title":"DIH - Algarve STP","og_url":"https:\/\/algarvestp.pt\/en\/dih\/","og_site_name":"Algarve STP","article_modified_time":"2026-04-10T12:12:37+00:00","twitter_card":"summary_large_image","twitter_misc":{"Estimated reading time":"2 minutes"},"schema":{"@context":"https:\/\/schema.org","@graph":[{"@type":"WebPage","@id":"https:\/\/algarvestp.pt\/dih\/","url":"https:\/\/algarvestp.pt\/dih\/","name":"DIH - Algarve STP","isPartOf":{"@id":"https:\/\/algarvestp.pt\/en\/#website"},"datePublished":"2022-07-30T20:54:07+00:00","dateModified":"2026-04-10T12:12:37+00:00","breadcrumb":{"@id":"https:\/\/algarvestp.pt\/dih\/#breadcrumb"},"inLanguage":"en-GB","potentialAction":[{"@type":"ReadAction","target":["https:\/\/algarvestp.pt\/dih\/"]}]},{"@type":"BreadcrumbList","@id":"https:\/\/algarvestp.pt\/dih\/#breadcrumb","itemListElement":[{"@type":"ListItem","position":1,"name":"Home","item":"https:\/\/algarvestp.pt\/"},{"@type":"ListItem","position":2,"name":"DIH"}]},{"@type":"WebSite","@id":"https:\/\/algarvestp.pt\/en\/#website","url":"https:\/\/algarvestp.pt\/en\/","name":"Algarve STP","description":"Algarve Systems and Technology Partnership","potentialAction":[{"@type":"SearchAction","target":{"@type":"EntryPoint","urlTemplate":"https:\/\/algarvestp.pt\/en\/?s={search_term_string}"},"query-input":"required name=search_term_string"}],"inLanguage":"en-GB"}]}},"_links":{"self":[{"href":"https:\/\/algarvestp.pt\/en\/wp-json\/wp\/v2\/pages\/237","targetHints":{"allow":["GET"]}}],"collection":[{"href":"https:\/\/algarvestp.pt\/en\/wp-json\/wp\/v2\/pages"}],"about":[{"href":"https:\/\/algarvestp.pt\/en\/wp-json\/wp\/v2\/types\/page"}],"author":[{"embeddable":true,"href":"https:\/\/algarvestp.pt\/en\/wp-json\/wp\/v2\/users\/1"}],"replies":[{"embeddable":true,"href":"https:\/\/algarvestp.pt\/en\/wp-json\/wp\/v2\/comments?post=237"}],"version-history":[{"count":15,"href":"https:\/\/algarvestp.pt\/en\/wp-json\/wp\/v2\/pages\/237\/revisions"}],"predecessor-version":[{"id":1323,"href":"https:\/\/algarvestp.pt\/en\/wp-json\/wp\/v2\/pages\/237\/revisions\/1323"}],"wp:attachment":[{"href":"https:\/\/algarvestp.pt\/en\/wp-json\/wp\/v2\/media?parent=237"}],"curies":[{"name":"wp","href":"https:\/\/api.w.org\/{rel}","templated":true}]}}