{"id":244,"date":"2022-07-30T21:01:48","date_gmt":"2022-07-30T21:01:48","guid":{"rendered":"https:\/\/algarvestp.pt\/?page_id=244"},"modified":"2025-05-22T10:04:12","modified_gmt":"2025-05-22T10:04:12","slug":"ualg-tec-campus-v1","status":"publish","type":"page","link":"https:\/\/algarvestp.pt\/en\/ualg-tec-campus-v1\/","title":{"rendered":"UALG TEC CAMPUS (old)"},"content":{"rendered":"<div id=\"page-header-1014479244\" class=\"page-header-wrapper\">\n  <div class=\"page-title dark featured-title\">\n\n        <div class=\"page-title-bg\">\n      <div class=\"title-bg fill bg-fill\"\n        data-parallax-container=\".page-title\"\n        data-parallax-background\n data-parallax=\"-\">\n      <\/div>\n      <div class=\"title-overlay fill\"><\/div>\n    <\/div>\n    \n    <div class=\"page-title-inner container align-center flex-row medium-flex-wrap\" >\n              <div class=\"title-wrapper uppercase flex-col text-left medium-text-center\">\n          <h1 class=\"entry-title mb-0\">\n            UALG TEC CAMPUS (old)          <\/h1>\n        <\/div>\n                    <div class=\"title-content flex-col flex-right text-right medium-text-center\">\n        <div class=\"title-breadcrumbs pb-half pt-half\"><\/div>      <\/div>\n    <\/div>\n\n     \n<style>\n#page-header-1014479244 .title-bg {\n  background-image: url(https:\/\/algarvestp.pt\/wp-content\/uploads\/2022\/07\/top-menu-fundo.jpg);\n  background-position: 0% 100%;\n}\n<\/style>\n  <\/div>\n    <\/div>\n  \n\t<section class=\"section\" id=\"section_107573375\">\n\t\t<div class=\"bg section-bg fill bg-fill  bg-loaded\" >\n\n\t\t\t\n\t\t\t\n\t\t\t\n\n\t\t<\/div>\n\n\t\t\n\n\t\t<div class=\"section-content relative\">\n\t\t\t\n<div class=\"row\"  id=\"row-1910976548\">\n\n\t<div id=\"col-1587564710\" class=\"col medium-6 small-12 large-6\"  >\n\t\t\t\t<div class=\"col-inner\"  >\n\t\t\t\n\t\t\t\n\t<div id=\"text-672780283\" class=\"text\">\n\t\t\n<h1><b>UALG TEC CAMPUS<\/b><\/h1>\n<p><span style=\"font-weight: 400;\"><strong>The UALG TEC CAMPUS \u2013 Business Accelerator of the University of Algarve<\/strong>, located on the Penha Campus, , aims to boost and expand the technological ecosystem in the region (Algarve Tech Hub). Through the promotion of a greater connection between the University of Algarve and the economic agents, aims to enhance the transfer of knowledge, the dynamization of joint initiatives and the acceleration of companies and technologies based on innovation and knowledge.<\/span><\/p>\n<p><span style=\"font-weight: 400;\">Numa \u00e1rea com aproximadamente 4500m2, o UALG TEC CAMPUS disp\u00f5e de 21 escrit\u00f3rios, 20 mesas de coworking, 5 salas de reuni\u00f5es, 7 meeting booths, 1 sala multiusos e 1 sala de refei\u00e7\u00f5es, que servem as 30 empresas instaladas.<\/span><\/p>\n<p><span style=\"font-weight: 400;\">Contact: geral@algarvestp.pt<\/span><\/p>\n<h1><\/h1>\n\t\t\n<style>\n#text-672780283 {\n  line-height: 1.75;\n}\n<\/style>\n\t<\/div>\n\t\n\t\t<\/div>\n\t\t\t\t\t<\/div>\n\n\t\n\n\t<div id=\"col-1474817053\" class=\"col medium-6 small-12 large-6\"  >\n\t\t\t\t<div class=\"col-inner text-center\"  >\n\t\t\t\n\t\t\t\n\t<div class=\"img has-hover x md-x lg-x y md-y lg-y\" id=\"image_481698053\">\n\t\t\t\t\t\t\t\t<div class=\"img-inner dark\" >\n\t\t\t<img loading=\"lazy\" decoding=\"async\" width=\"1020\" height=\"818\" src=\"https:\/\/algarvestp.pt\/wp-content\/uploads\/2022\/07\/ualg-tec-campus1-1024x821.png\" class=\"attachment-large size-large\" alt=\"\" srcset=\"https:\/\/algarvestp.pt\/wp-content\/uploads\/2022\/07\/ualg-tec-campus1-1024x821.png 1024w, https:\/\/algarvestp.pt\/wp-content\/uploads\/2022\/07\/ualg-tec-campus1-300x241.png 300w, https:\/\/algarvestp.pt\/wp-content\/uploads\/2022\/07\/ualg-tec-campus1-768x616.png 768w, https:\/\/algarvestp.pt\/wp-content\/uploads\/2022\/07\/ualg-tec-campus1-15x12.png 15w, https:\/\/algarvestp.pt\/wp-content\/uploads\/2022\/07\/ualg-tec-campus1.png 1514w\" sizes=\"auto, (max-width: 1020px) 100vw, 1020px\" \/>\t\t\t\t\t\t\n\t\t\t\t\t<\/div>\n\t\t\t\t\t\t\t\t\n<style>\n#image_481698053 {\n  width: 100%;\n}\n<\/style>\n\t<\/div>\n\t\n<div class=\"video-button-wrapper\" ><a href=\"https:\/\/www.youtube.com\/watch?v=6cDVuAeBG2w\" class=\"button open-video icon circle is-outline is-xlarge\"><i class=\"icon-play\" style=\"font-size:1.5em;\"><\/i><\/a><\/div>\n<a rel=\"noopener noreferrer\" href=\"https:\/\/algarvestp.pt\/en\/empresas-ualg-tec-campus\/\" target=\"_blank\" class=\"button primary\"  style=\"border-radius:99px;\">\n    <span>Conhe\u00e7a as empresas<\/span>\n  <\/a>\n\n\t<div id=\"gap-1390674910\" class=\"gap-element clearfix\" style=\"display:block; height:auto;\">\n\t\t\n<style>\n#gap-1390674910 {\n  padding-top: 30px;\n}\n<\/style>\n\t<\/div>\n\t\n<div class=\"social-icons follow-icons\" ><a href=\"https:\/\/www.facebook.com\/ualgteccampus\" target=\"_blank\" data-label=\"Facebook\" rel=\"noopener noreferrer nofollow\" class=\"icon primary button circle facebook tooltip\" title=\"Follow on Facebook\" aria-label=\"Follow on Facebook\"><i class=\"icon-facebook\" ><\/i><\/a><a href=\"https:\/\/www.instagram.com\/ualgteccampus\/\" target=\"_blank\" rel=\"noopener noreferrer nofollow\" data-label=\"Instagram\" class=\"icon primary button circle  instagram tooltip\" title=\"Follow on Instagram\" aria-label=\"Follow on Instagram\"><i class=\"icon-instagram\" ><\/i><\/a><a href=\"https:\/\/www.linkedin.com\/company\/ualg-tec-campus\/\" target=\"_blank\" rel=\"noopener noreferrer nofollow\" data-label=\"LinkedIn\" class=\"icon primary button circle  linkedin tooltip\" title=\"Follow on LinkedIn\" aria-label=\"Follow on LinkedIn\"><i class=\"icon-linkedin\" ><\/i><\/a><\/div>\n\t\t<\/div>\n\t\t\t\t\t<\/div>\n\n\t\n<\/div>\n\t\t<\/div>\n\n\t\t\n<style>\n#section_107573375 {\n  padding-top: 30px;\n  padding-bottom: 30px;\n}\n#section_107573375 .ux-shape-divider--top svg {\n  height: 150px;\n  --divider-top-width: 100%;\n}\n#section_107573375 .ux-shape-divider--bottom svg {\n  height: 150px;\n  --divider-width: 100%;\n}\n<\/style>\n\t<\/section>","protected":false},"excerpt":{"rendered":"","protected":false},"author":1,"featured_media":0,"parent":0,"menu_order":0,"comment_status":"closed","ping_status":"closed","template":"page-blank.php","meta":{"footnotes":""},"class_list":["post-244","page","type-page","status-publish","hentry"],"yoast_head":"<!-- This site is optimized with the Yoast SEO plugin v21.2 - https:\/\/yoast.com\/wordpress\/plugins\/seo\/ -->\n<title>UALG TEC CAMPUS (old) - Algarve STP<\/title>\n<meta name=\"robots\" content=\"index, follow, max-snippet:-1, max-image-preview:large, max-video-preview:-1\" \/>\n<link rel=\"canonical\" href=\"https:\/\/algarvestp.pt\/en\/ualg-tec-campus-v1\/\" \/>\n<meta property=\"og:locale\" content=\"en_GB\" \/>\n<meta property=\"og:type\" content=\"article\" \/>\n<meta property=\"og:title\" content=\"UALG TEC CAMPUS (old) - Algarve STP\" \/>\n<meta property=\"og:url\" content=\"https:\/\/algarvestp.pt\/en\/ualg-tec-campus-v1\/\" \/>\n<meta property=\"og:site_name\" content=\"Algarve STP\" \/>\n<meta property=\"article:modified_time\" content=\"2025-05-22T10:04:12+00:00\" \/>\n<meta name=\"twitter:card\" content=\"summary_large_image\" \/>\n<meta name=\"twitter:label1\" content=\"Estimated reading time\" \/>\n\t<meta name=\"twitter:data1\" content=\"1 minute\" \/>\n<script type=\"application\/ld+json\" class=\"yoast-schema-graph\">{\"@context\":\"https:\/\/schema.org\",\"@graph\":[{\"@type\":\"WebPage\",\"@id\":\"https:\/\/algarvestp.pt\/ualg-tec-campus-v1\/\",\"url\":\"https:\/\/algarvestp.pt\/ualg-tec-campus-v1\/\",\"name\":\"UALG TEC CAMPUS (old) - Algarve STP\",\"isPartOf\":{\"@id\":\"https:\/\/algarvestp.pt\/en\/#website\"},\"datePublished\":\"2022-07-30T21:01:48+00:00\",\"dateModified\":\"2025-05-22T10:04:12+00:00\",\"breadcrumb\":{\"@id\":\"https:\/\/algarvestp.pt\/ualg-tec-campus-v1\/#breadcrumb\"},\"inLanguage\":\"en-GB\",\"potentialAction\":[{\"@type\":\"ReadAction\",\"target\":[\"https:\/\/algarvestp.pt\/ualg-tec-campus-v1\/\"]}]},{\"@type\":\"BreadcrumbList\",\"@id\":\"https:\/\/algarvestp.pt\/ualg-tec-campus-v1\/#breadcrumb\",\"itemListElement\":[{\"@type\":\"ListItem\",\"position\":1,\"name\":\"Home\",\"item\":\"https:\/\/algarvestp.pt\/\"},{\"@type\":\"ListItem\",\"position\":2,\"name\":\"UALG TEC CAMPUS (old)\"}]},{\"@type\":\"WebSite\",\"@id\":\"https:\/\/algarvestp.pt\/en\/#website\",\"url\":\"https:\/\/algarvestp.pt\/en\/\",\"name\":\"Algarve STP\",\"description\":\"Algarve Systems and Technology Partnership\",\"potentialAction\":[{\"@type\":\"SearchAction\",\"target\":{\"@type\":\"EntryPoint\",\"urlTemplate\":\"https:\/\/algarvestp.pt\/en\/?s={search_term_string}\"},\"query-input\":\"required name=search_term_string\"}],\"inLanguage\":\"en-GB\"}]}<\/script>\n<!-- \/ Yoast SEO plugin. -->","yoast_head_json":{"title":"UALG TEC CAMPUS (old) - Algarve STP","robots":{"index":"index","follow":"follow","max-snippet":"max-snippet:-1","max-image-preview":"max-image-preview:large","max-video-preview":"max-video-preview:-1"},"canonical":"https:\/\/algarvestp.pt\/en\/ualg-tec-campus-v1\/","og_locale":"en_GB","og_type":"article","og_title":"UALG TEC CAMPUS (old) - Algarve STP","og_url":"https:\/\/algarvestp.pt\/en\/ualg-tec-campus-v1\/","og_site_name":"Algarve STP","article_modified_time":"2025-05-22T10:04:12+00:00","twitter_card":"summary_large_image","twitter_misc":{"Estimated reading time":"1 minute"},"schema":{"@context":"https:\/\/schema.org","@graph":[{"@type":"WebPage","@id":"https:\/\/algarvestp.pt\/ualg-tec-campus-v1\/","url":"https:\/\/algarvestp.pt\/ualg-tec-campus-v1\/","name":"UALG TEC CAMPUS (old) - Algarve STP","isPartOf":{"@id":"https:\/\/algarvestp.pt\/en\/#website"},"datePublished":"2022-07-30T21:01:48+00:00","dateModified":"2025-05-22T10:04:12+00:00","breadcrumb":{"@id":"https:\/\/algarvestp.pt\/ualg-tec-campus-v1\/#breadcrumb"},"inLanguage":"en-GB","potentialAction":[{"@type":"ReadAction","target":["https:\/\/algarvestp.pt\/ualg-tec-campus-v1\/"]}]},{"@type":"BreadcrumbList","@id":"https:\/\/algarvestp.pt\/ualg-tec-campus-v1\/#breadcrumb","itemListElement":[{"@type":"ListItem","position":1,"name":"Home","item":"https:\/\/algarvestp.pt\/"},{"@type":"ListItem","position":2,"name":"UALG TEC CAMPUS (old)"}]},{"@type":"WebSite","@id":"https:\/\/algarvestp.pt\/en\/#website","url":"https:\/\/algarvestp.pt\/en\/","name":"Algarve STP","description":"Algarve Systems and Technology Partnership","potentialAction":[{"@type":"SearchAction","target":{"@type":"EntryPoint","urlTemplate":"https:\/\/algarvestp.pt\/en\/?s={search_term_string}"},"query-input":"required name=search_term_string"}],"inLanguage":"en-GB"}]}},"_links":{"self":[{"href":"https:\/\/algarvestp.pt\/en\/wp-json\/wp\/v2\/pages\/244","targetHints":{"allow":["GET"]}}],"collection":[{"href":"https:\/\/algarvestp.pt\/en\/wp-json\/wp\/v2\/pages"}],"about":[{"href":"https:\/\/algarvestp.pt\/en\/wp-json\/wp\/v2\/types\/page"}],"author":[{"embeddable":true,"href":"https:\/\/algarvestp.pt\/en\/wp-json\/wp\/v2\/users\/1"}],"replies":[{"embeddable":true,"href":"https:\/\/algarvestp.pt\/en\/wp-json\/wp\/v2\/comments?post=244"}],"version-history":[{"count":22,"href":"https:\/\/algarvestp.pt\/en\/wp-json\/wp\/v2\/pages\/244\/revisions"}],"predecessor-version":[{"id":1114,"href":"https:\/\/algarvestp.pt\/en\/wp-json\/wp\/v2\/pages\/244\/revisions\/1114"}],"wp:attachment":[{"href":"https:\/\/algarvestp.pt\/en\/wp-json\/wp\/v2\/media?parent=244"}],"curies":[{"name":"wp","href":"https:\/\/api.w.org\/{rel}","templated":true}]}}