{"id":53,"date":"2022-06-28T19:56:56","date_gmt":"2022-06-28T19:56:56","guid":{"rendered":"https:\/\/algarvestp.pt\/?page_id=53"},"modified":"2022-06-29T08:54:55","modified_gmt":"2022-06-29T08:54:55","slug":"registo","status":"publish","type":"page","link":"https:\/\/algarvestp.pt\/en\/registo\/","title":{"rendered":"Registo"},"content":{"rendered":"<section class=\"section\" id=\"section_156587883\">\n\t\t<div class=\"bg section-bg fill bg-fill  bg-loaded\" >\n\n\t\t\t\n\t\t\t\n\t\t\t\n\n\t\t<\/div>\n\n\t\t\n\n\t\t<div class=\"section-content relative\">\n\t\t\t\n<div class=\"row\"  id=\"row-1108454390\">\n\n\t<div id=\"col-584883201\" class=\"col medium-6 small-12 large-6\"  >\n\t\t\t\t<div class=\"col-inner\"  >\n\t\t\t\n\t\t\t\n<div class=\"container section-title-container\" ><h2 class=\"section-title section-title-normal\"><b><\/b><span class=\"section-title-main\" >SIGN IN \/ REGISTO<\/span><b><\/b><\/h2><\/div>\n\t<div id=\"text-1918016182\" class=\"text\">\n\t\t\n<p>A Algarve STP pretende apoiar a cria\u00e7\u00e3o e desenvolvimento de projetos de neg\u00f3cio com um alto n\u00edvel de inova\u00e7\u00e3o, intensidade tecnol\u00f3gica, especializa\u00e7\u00e3o e potencial de internacionaliza\u00e7\u00e3o, atrav\u00e9s da partilha de conhecimento entre grupos de investiga\u00e7\u00e3o, empresas e a sociedade civil.<\/p>\n<p>A Algarve STP desenvolve a gest\u00e3o e anima\u00e7\u00e3o de espa\u00e7os de acolhimento e acelera\u00e7\u00e3o empresarial, nomeadamente do ALGARVE TEC CAMPUS, com o objetivo de promover a proximidade e partilha de recursos entre o setor empresarial, os centros de inova\u00e7\u00e3o e projetos \u00e2ncora, oferecendo o apoio espec\u00edfico que necessitam e acesso a uma rede de contatos regional e nacional alargada.<\/p>\n<p>Para al\u00e9m dos diferentes servi\u00e7os que oferece \u00e0s empresas e demais stakeholders regionais, a Algarve STP tamb\u00e9m se foca nos centros de inova\u00e7\u00e3o, potenciando espa\u00e7os comuns e sinergias entre  empresas e departamentos e centros de investiga\u00e7\u00e3o e desenvolvimento  das Universidades com o objetivo de desenvolver projetos de I&#038;DT.<\/p>\n<p>A Algarve STP atrav\u00e9s dos seus associados da Sociedade Civil, das empresas com que se interliga e para as quais potencia a\u00e7\u00f5es de acelera\u00e7\u00e3o nos seus centros de acelera\u00e7\u00e3o para a inova\u00e7\u00e3o, da proximidade aos centros de investiga\u00e7\u00e3o e desenvolvimento da Universidade do Algarve e da sua plataforma online para a capacita\u00e7\u00e3o do ecossistema, procura potenciar o ambiente ideal para a inova\u00e7\u00e3o e para a cria\u00e7\u00e3o de empresas sustent\u00e1veis, contribuindo para o crescimento social e econ\u00f3mico da regi\u00e3o<\/p>\n<p>O principal prop\u00f3sito da plataforma ser\u00e1 a identifica\u00e7\u00e3o destes agentes e promover a sua intera\u00e7\u00e3o, e consequentemente a identifica\u00e7\u00e3o de projetos com potencial de desenvolvimento.<\/p>\n\t\t\n<style>\n#text-1918016182 {\n  line-height: 1.75;\n}\n<\/style>\n\t<\/div>\n\t\n\t<div id=\"gap-443363186\" class=\"gap-element clearfix\" style=\"display:block; height:auto;\">\n\t\t\n<style>\n#gap-443363186 {\n  padding-top: 30px;\n}\n<\/style>\n\t<\/div>\n\t\n\t<div class=\"img has-hover x md-x lg-x y md-y lg-y\" id=\"image_1353688200\">\n\t\t\t\t\t\t\t\t<div class=\"img-inner dark\" >\n\t\t\t<img loading=\"lazy\" decoding=\"async\" width=\"470\" height=\"156\" src=\"https:\/\/algarvestp.pt\/wp-content\/uploads\/2022\/04\/logo-horizontal.png\" class=\"attachment-large size-large\" alt=\"\" srcset=\"https:\/\/algarvestp.pt\/wp-content\/uploads\/2022\/04\/logo-horizontal.png 470w, https:\/\/algarvestp.pt\/wp-content\/uploads\/2022\/04\/logo-horizontal-300x100.png 300w\" sizes=\"auto, (max-width: 470px) 100vw, 470px\" \/>\t\t\t\t\t\t\n\t\t\t\t\t<\/div>\n\t\t\t\t\t\t\t\t\n<style>\n#image_1353688200 {\n  width: 70%;\n}\n<\/style>\n\t<\/div>\n\t\n\t\t<\/div>\n\t\t\t\t\t<\/div>\n\n\t\n\n\t<div id=\"col-1947125169\" class=\"col medium-6 small-12 large-6\"  >\n\t\t\t\t<div class=\"col-inner\"  >\n\t\t\t\n\t\t\t\n\t<div id=\"gap-122818775\" class=\"gap-element clearfix\" style=\"display:block; height:auto;\">\n\t\t\n<style>\n#gap-122818775 {\n  padding-top: 40px;\n}\n<\/style>\n\t<\/div>\n\t\n<div class=\"youzify-membership-register-shortcode\">\n<div class=\"youzify-membership youzify-membership-page-box youzify-page\">\n\n\t<div class=\"youzify-membership-form youzify-membership-signup-page form-with-header form-with-labels form-no-icons form-full-border form-border-flat\">\n\n\t\r\n    \t<header class=\"youzify-membership-form-header\">\r\n    \t\t\t    \t\t    \t\t<div class=\"youzify-membership-form-cover youzify-membership-default-cover\" style=\"background-image: url( https:\/\/algarvestp.pt\/wp-content\/plugins\/youzify\/includes\/public\/assets\/images\/geopattern.png )\">\r\n\t\t\t        <h2 class=\"form-cover-title\">Registrar<\/h2>\r\n\t    \t\t<\/div>\r\n\t    \t    \t<\/header>\r\n\r\n\t    \t\r\n\t\t\r\n\t\t\r\n\t\t\r\n\t\n\t\n\t<div class=\"page\" id=\"register-page\">\n\n\t\t\n\n\t\t\n\t\t<form action=\"https:\/\/algarvestp.pt\/en\/register\/\" name=\"signup_form\" id=\"youzify_membership_signup_form\" class=\"standard-form\" method=\"post\" enctype=\"multipart\/form-data\" data-trp-original-action=\"https:\/\/algarvestp.pt\/en\/register\/\">\n\n\t\t\n\t\t\t<div id=\"template-notices\" role=\"alert\" aria-atomic=\"true\">\n\t\t\t\t\n\t\t\t<\/div>\n\n\t\t\t\n\t\t\t<div class=\"register-section\" id=\"basic-details-section\">\n\n\t\t\t\t\n\t\t\t\t<div class=\"youzify-membership-section-title\">\n\t\t\t\t\t<span>Account Details<\/span>\n\t\t\t\t<\/div>\n\n\t\t\t\t<label for=\"signup_username\">Username <span class=\"bp-required-field-label\">required<\/span><\/label>\n\t\t\t\t\t\t\t\t<input type=\"text\" name=\"signup_username\" id=\"signup_username\" value=\"\"  autocomplete=\"off\" autocapitalize=\"none\"\/>\n\n\t\t\t\t<label for=\"signup_email\">Email Address <span class=\"bp-required-field-label\">required<\/span><\/label>\n\t\t\t\t\t\t\t\t<input type=\"email\" name=\"signup_email\" id=\"signup_email\" value=\"\" \/>\n\n\t\t\t\t<label for=\"signup_password\">Choose a Password <span class=\"bp-required-field-label\">required<\/span><\/label>\n\t\t\t\t\t\t\t\t<input type=\"password\" name=\"signup_password\" id=\"signup_password\" value=\"\" class=\"password-entry\"  spellcheck=\"false\" autocomplete=\"off\"\/>\n\t\t\t\t<div id=\"pass-strength-result\"><\/div>\n\n\t\t\t\t<label for=\"signup_password_confirm\">Confirm Password <span class=\"bp-required-field-label\">required<\/span><\/label>\n\t\t\t\t\t\t\t\t<input type=\"password\" name=\"signup_password_confirm\" id=\"signup_password_confirm\" value=\"\" class=\"password-entry-confirm\"  spellcheck=\"false\" autocomplete=\"off\"\/>\n\n\t\t\t\t\n\t\t\t<\/div><!-- #basic-details-section -->\n\n\t\t\t\n\t\t\t\n\t\t\t\n\t\t\t\t\n\t\t\t\t<div class=\"register-section\" id=\"profile-details-section\">\n\n\t\t\t\t\t<h2>Profile Details<\/h2>\n\n\t\t\t\t\t\t\t\t\t\t\n\t\t\t\t\t\n\t\t\t\t\t\t<div class=\"editfield field_1 field_name required-field visibility-public field_type_textbox\">\n\t\t\t\t\t\t\t<fieldset>\n\n\t\t\t\t\t\t\t\n\t\t<legend id=\"field_1-1\">\n\t\t\tName\t\t\t <span class=\"bp-required-field-label\">Required<\/span>\t\t<\/legend>\n\n\t\t\n\t\t<input  id=\"field_1\" name=\"field_1\" type=\"text\" value=\"\" aria-required=\"true\" required aria-labelledby=\"field_1-1\" aria-describedby=\"field_1-3\">\n\n\t\t\n\t\t\t\t\t\t\t\t\t\t<p class=\"field-visibility-settings-notoggle\" id=\"field-visibility-settings-toggle-1\">\n\t\t\t\t\t\t\t\t\tThis field can be seen by: <span class=\"current-visibility-level\">Everyone<\/span>\t\t\t\t\t\t\t\t<\/p>\n\t\t\t\t\t\t\t\n\t\t\t\t\t\t\t\n\t\t\t\t\t\t\t<\/fieldset>\n\t\t\t\t\t\t<\/div>\n\n\t\t\t\t\t\n\t\t\t\t\t<input type=\"hidden\" name=\"signup_profile_field_ids\" id=\"signup_profile_field_ids\" value=\"1\" \/>\n\n\t\t\t\t\t\n\t\t\t\t\t\n\t\t\t\t<\/div><!-- #profile-details-section -->\n\n\t\t\t\t\n\t\t\t\n\t\t\t\n\t\t\t\r\n\t    <div class=\"youzify-membership-form-note youzify-membership-terms-note\">\r\n\t        By creating an account you agree to our <a href=\"\/en\/terms-conditions\/\" target=\"_blank\">Terms and Conditions<\/a> and our <a href=\"\/en\/privacy-policy\/\" target=\"_blank\">Privacy Policy<\/a>.\t    <\/div>\r\n\r\n\t    \n\t\t\t\n\t\t\t<input type=\"hidden\" id=\"_wpnonce\" name=\"_wpnonce\" value=\"fe7391bb35\" \/><input type=\"hidden\" name=\"_wp_http_referer\" value=\"\/en\/wp-json\/wp\/v2\/pages\/53\" \/>\n\t\t\n\t\t\n\t\t\n\t\t\n\t\t<div class=\"youzify-membership-form-actions form-halfwidth-button form-border-radius\"><\/div>\t\t<div class=\"youzify-membership-form-actions form-halfwidth-button form-border-radius\">\t\t\t\t<div class=\"youzify-membership-action-item youzify-membership-submit-item\">\r\n\t\t\t\t\t<div class=\"youzify-membership-item-inner\">\r\n\t           \t\t\t<button type=\"submit\" value=\"submit\"  name=\"signup_submit\"  >\r\n\t            \t\t\t\t           \t\t\t\t<span class=\"youzify-membership-button-title\">Registo<\/span>\r\n\t           \t\t\t<\/button>\r\n\t            \t<\/div>\r\n\t            <\/div>\r\n\t\t\t\t\t\t\t<div class=\"youzify-membership-action-item youzify-membership-link-item\">\r\n\t\t\t\t\t<div class=\"youzify-membership-item-inner\">\r\n\t            \t\t<a href=\"https:\/\/algarvestp.pt\/en\/login\/\" class=\"youzify-membership-link-button\" >\r\n\t            \t\t\t\t           \t\t\t\tLog in\t            \t\t<\/a>\r\n\t            \t<\/div>\r\n\t            <\/div>\r\n\t\t\t<\/div>\n\t\t\n\t\t<input type=\"hidden\" name=\"trp-form-language\" value=\"en\"\/><\/form>\n\n\t<\/div>\n\n\t\n\t<\/div>\n\n<\/div><!-- .youzify-membership-page --><\/div>\n\t\t<\/div>\n\t\t\t\t\t<\/div>\n\n\t\n<\/div>\n\t\t<\/div>\n\n\t\t\n<style>\n#section_156587883 {\n  padding-top: 30px;\n  padding-bottom: 30px;\n}\n#section_156587883 .ux-shape-divider--top svg {\n  height: 150px;\n  --divider-top-width: 100%;\n}\n#section_156587883 .ux-shape-divider--bottom svg {\n  height: 150px;\n  --divider-width: 100%;\n}\n<\/style>\n\t<\/section>","protected":false},"excerpt":{"rendered":"","protected":false},"author":1,"featured_media":0,"parent":0,"menu_order":0,"comment_status":"closed","ping_status":"closed","template":"page-blank.php","meta":{"footnotes":""},"class_list":["post-53","page","type-page","status-publish","hentry"],"yoast_head":"<!-- This site is optimized with the Yoast SEO plugin v21.2 - https:\/\/yoast.com\/wordpress\/plugins\/seo\/ -->\n<title>Registo - Algarve STP<\/title>\n<meta name=\"robots\" content=\"index, follow, max-snippet:-1, max-image-preview:large, max-video-preview:-1\" \/>\n<link rel=\"canonical\" href=\"https:\/\/algarvestp.pt\/en\/registo\/\" \/>\n<meta property=\"og:locale\" content=\"en_GB\" \/>\n<meta property=\"og:type\" content=\"article\" \/>\n<meta property=\"og:title\" content=\"Registo - Algarve STP\" \/>\n<meta property=\"og:url\" content=\"https:\/\/algarvestp.pt\/en\/registo\/\" \/>\n<meta property=\"og:site_name\" content=\"Algarve STP\" \/>\n<meta property=\"article:modified_time\" content=\"2022-06-29T08:54:55+00:00\" \/>\n<meta name=\"twitter:card\" content=\"summary_large_image\" \/>\n<meta name=\"twitter:label1\" content=\"Estimated reading time\" \/>\n\t<meta name=\"twitter:data1\" content=\"2 minutes\" \/>\n<script type=\"application\/ld+json\" class=\"yoast-schema-graph\">{\"@context\":\"https:\/\/schema.org\",\"@graph\":[{\"@type\":\"WebPage\",\"@id\":\"https:\/\/algarvestp.pt\/registo\/\",\"url\":\"https:\/\/algarvestp.pt\/registo\/\",\"name\":\"Registo - Algarve STP\",\"isPartOf\":{\"@id\":\"https:\/\/algarvestp.pt\/en\/#website\"},\"datePublished\":\"2022-06-28T19:56:56+00:00\",\"dateModified\":\"2022-06-29T08:54:55+00:00\",\"breadcrumb\":{\"@id\":\"https:\/\/algarvestp.pt\/registo\/#breadcrumb\"},\"inLanguage\":\"en-GB\",\"potentialAction\":[{\"@type\":\"ReadAction\",\"target\":[\"https:\/\/algarvestp.pt\/registo\/\"]}]},{\"@type\":\"BreadcrumbList\",\"@id\":\"https:\/\/algarvestp.pt\/registo\/#breadcrumb\",\"itemListElement\":[{\"@type\":\"ListItem\",\"position\":1,\"name\":\"Home\",\"item\":\"https:\/\/algarvestp.pt\/\"},{\"@type\":\"ListItem\",\"position\":2,\"name\":\"Registo\"}]},{\"@type\":\"WebSite\",\"@id\":\"https:\/\/algarvestp.pt\/en\/#website\",\"url\":\"https:\/\/algarvestp.pt\/en\/\",\"name\":\"Algarve STP\",\"description\":\"Algarve Systems and Technology Partnership\",\"potentialAction\":[{\"@type\":\"SearchAction\",\"target\":{\"@type\":\"EntryPoint\",\"urlTemplate\":\"https:\/\/algarvestp.pt\/en\/?s={search_term_string}\"},\"query-input\":\"required name=search_term_string\"}],\"inLanguage\":\"en-GB\"}]}<\/script>\n<!-- \/ Yoast SEO plugin. -->","yoast_head_json":{"title":"Registo - Algarve STP","robots":{"index":"index","follow":"follow","max-snippet":"max-snippet:-1","max-image-preview":"max-image-preview:large","max-video-preview":"max-video-preview:-1"},"canonical":"https:\/\/algarvestp.pt\/en\/registo\/","og_locale":"en_GB","og_type":"article","og_title":"Registo - Algarve STP","og_url":"https:\/\/algarvestp.pt\/en\/registo\/","og_site_name":"Algarve STP","article_modified_time":"2022-06-29T08:54:55+00:00","twitter_card":"summary_large_image","twitter_misc":{"Estimated reading time":"2 minutes"},"schema":{"@context":"https:\/\/schema.org","@graph":[{"@type":"WebPage","@id":"https:\/\/algarvestp.pt\/registo\/","url":"https:\/\/algarvestp.pt\/registo\/","name":"Registo - Algarve STP","isPartOf":{"@id":"https:\/\/algarvestp.pt\/en\/#website"},"datePublished":"2022-06-28T19:56:56+00:00","dateModified":"2022-06-29T08:54:55+00:00","breadcrumb":{"@id":"https:\/\/algarvestp.pt\/registo\/#breadcrumb"},"inLanguage":"en-GB","potentialAction":[{"@type":"ReadAction","target":["https:\/\/algarvestp.pt\/registo\/"]}]},{"@type":"BreadcrumbList","@id":"https:\/\/algarvestp.pt\/registo\/#breadcrumb","itemListElement":[{"@type":"ListItem","position":1,"name":"Home","item":"https:\/\/algarvestp.pt\/"},{"@type":"ListItem","position":2,"name":"Registo"}]},{"@type":"WebSite","@id":"https:\/\/algarvestp.pt\/en\/#website","url":"https:\/\/algarvestp.pt\/en\/","name":"Algarve STP","description":"Algarve Systems and Technology Partnership","potentialAction":[{"@type":"SearchAction","target":{"@type":"EntryPoint","urlTemplate":"https:\/\/algarvestp.pt\/en\/?s={search_term_string}"},"query-input":"required name=search_term_string"}],"inLanguage":"en-GB"}]}},"_links":{"self":[{"href":"https:\/\/algarvestp.pt\/en\/wp-json\/wp\/v2\/pages\/53","targetHints":{"allow":["GET"]}}],"collection":[{"href":"https:\/\/algarvestp.pt\/en\/wp-json\/wp\/v2\/pages"}],"about":[{"href":"https:\/\/algarvestp.pt\/en\/wp-json\/wp\/v2\/types\/page"}],"author":[{"embeddable":true,"href":"https:\/\/algarvestp.pt\/en\/wp-json\/wp\/v2\/users\/1"}],"replies":[{"embeddable":true,"href":"https:\/\/algarvestp.pt\/en\/wp-json\/wp\/v2\/comments?post=53"}],"version-history":[{"count":6,"href":"https:\/\/algarvestp.pt\/en\/wp-json\/wp\/v2\/pages\/53\/revisions"}],"predecessor-version":[{"id":94,"href":"https:\/\/algarvestp.pt\/en\/wp-json\/wp\/v2\/pages\/53\/revisions\/94"}],"wp:attachment":[{"href":"https:\/\/algarvestp.pt\/en\/wp-json\/wp\/v2\/media?parent=53"}],"curies":[{"name":"wp","href":"https:\/\/api.w.org\/{rel}","templated":true}]}}