{"id":838,"date":"2024-06-27T14:56:19","date_gmt":"2024-06-27T14:56:19","guid":{"rendered":"https:\/\/algarvestp.pt\/?page_id=838"},"modified":"2025-07-02T11:47:26","modified_gmt":"2025-07-02T11:47:26","slug":"tec-launcher-acceleration","status":"publish","type":"page","link":"https:\/\/algarvestp.pt\/en\/tec-launcher-acceleration\/","title":{"rendered":"TEC LAUNCHER ACCELERATION"},"content":{"rendered":"<div class=\"is-divider divider clearfix\" style=\"background-color:rgb(255, 255, 255);\"><\/div>\n\t<div class=\"img has-hover x md-x lg-x y md-y lg-y\" id=\"image_2050323973\">\n\t\t\t\t\t\t\t\t<div class=\"img-inner dark\" >\n\t\t\t<img loading=\"lazy\" decoding=\"async\" width=\"1020\" height=\"255\" src=\"https:\/\/algarvestp.pt\/wp-content\/uploads\/2024\/07\/Banner-TLA-819-x-205-px-1.png\" class=\"attachment-large size-large\" alt=\"\" srcset=\"https:\/\/algarvestp.pt\/wp-content\/uploads\/2024\/07\/Banner-TLA-819-x-205-px-1.png 1024w, https:\/\/algarvestp.pt\/wp-content\/uploads\/2024\/07\/Banner-TLA-819-x-205-px-1-300x75.png 300w, https:\/\/algarvestp.pt\/wp-content\/uploads\/2024\/07\/Banner-TLA-819-x-205-px-1-768x192.png 768w, https:\/\/algarvestp.pt\/wp-content\/uploads\/2024\/07\/Banner-TLA-819-x-205-px-1-18x5.png 18w\" sizes=\"auto, (max-width: 1020px) 100vw, 1020px\" \/>\t\t\t\t\t\t\n\t\t\t\t\t<\/div>\n\t\t\t\t\t\t\t\t\n<style>\n#image_2050323973 {\n  width: 100%;\n}\n<\/style>\n\t<\/div>\n\t\n<div class=\"is-divider divider clearfix\" style=\"background-color:rgb(255, 255, 255);\"><\/div>\n<h1><strong>O PROGRAMA PARA ACELERAR O TEU NEG\u00d3CIO!<\/strong><\/h1>\n<p>O <strong>TEC LAUNCHER ACCELERATION by Algarve STP \u00e9 um programa que pretendeu apoiar ou refor\u00e7ar os processos de crescimento e internacionaliza\u00e7\u00e3o de empresas<\/strong> que integram o ecossistema empresarial da regi\u00e3o do Algarve, nomeadamente as empresas instaladas no UALG TEC CAMPUS &#8211; Aceleradora de Empresas da Universidade do Algarve, bem como as demais startups e PMEs sedeadas na regi\u00e3o, <strong>detentoras de produtos e servi\u00e7os diferenciadores e assentes em inova\u00e7\u00e3o<\/strong>, e orientados para mercados globais e de valor acrescentado.<\/p>\n<div class=\"is-divider divider clearfix\" style=\"background-color:rgb(255, 255, 255);\"><\/div>\n<h3 class=\"uppercase\"><strong>2 programas de acelera\u00e7\u00e3o para as empresas:<\/strong><\/h3>\n<ol>\n<li><span style=\"color: #1a1f3b;\"><strong>TEC LAUNCHER ACCELERATION \u2013 Agriculture and Sea<\/strong>,<\/span> for companies working in the ICT sector applied to the primary sectors of Agriculture and Sea<\/li>\n<li><span style=\"color: #1a1f3b;\"><strong>TEC LAUNCHER ACCELERATION \u2013 Tourism, Well-Being, Sustainability and Cultural and Creative Arts<\/strong>,<\/span> for companies working in the ICT sector applied to Tourism, Renewable Energies, Health and Cultural and Creative Industries<\/li>\n<\/ol>\n<div class=\"is-divider divider clearfix\" style=\"background-color:rgb(255, 255, 255);\"><\/div>\n<h3><strong>QUE D\u00c3O ACESSO A&#8230;<\/strong><\/h3>\n<div class=\"row\"  id=\"row-1405959674\">\n\n\t<div id=\"col-1334213094\" class=\"col medium-3 small-12 large-3\"  >\n\t\t\t\t<div class=\"col-inner\"  >\n\t\t\t\n\t\t\t\n\t<div class=\"box has-hover   has-hover box-text-bottom\" >\n\n\t\t<div class=\"box-image\" >\n\t\t\t\t\t\t<div class=\"image-cover\" style=\"padding-top:240px;\">\n\t\t\t\t<img loading=\"lazy\" decoding=\"async\" width=\"1710\" height=\"2560\" src=\"https:\/\/algarvestp.pt\/wp-content\/uploads\/2025\/07\/DSC02730-1-scaled.jpg\" class=\"attachment- size-\" alt=\"\" srcset=\"https:\/\/algarvestp.pt\/wp-content\/uploads\/2025\/07\/DSC02730-1-scaled.jpg 1710w, https:\/\/algarvestp.pt\/wp-content\/uploads\/2025\/07\/DSC02730-1-200x300.jpg 200w, https:\/\/algarvestp.pt\/wp-content\/uploads\/2025\/07\/DSC02730-1-684x1024.jpg 684w, https:\/\/algarvestp.pt\/wp-content\/uploads\/2025\/07\/DSC02730-1-768x1150.jpg 768w, https:\/\/algarvestp.pt\/wp-content\/uploads\/2025\/07\/DSC02730-1-1026x1536.jpg 1026w, https:\/\/algarvestp.pt\/wp-content\/uploads\/2025\/07\/DSC02730-1-1368x2048.jpg 1368w, https:\/\/algarvestp.pt\/wp-content\/uploads\/2025\/07\/DSC02730-1-8x12.jpg 8w\" sizes=\"auto, (max-width: 1710px) 100vw, 1710px\" \/>\t\t\t\t\t\t\t\t\t\t\t<\/div>\n\t\t\t\t\t<\/div>\n\n\t\t<div class=\"box-text text-center\" >\n\t\t\t<div class=\"box-text-inner\">\n\t\t\t\t\n<h4><strong>Workshops<\/strong><\/h4>\n\t\t\t<\/div>\n\t\t<\/div>\n\t<\/div>\n\t\n\t\t<\/div>\n\t\t\t\t\t<\/div>\n\n\t\n\n\t<div id=\"col-541098658\" class=\"col medium-3 small-12 large-3\"  >\n\t\t\t\t<div class=\"col-inner\"  >\n\t\t\t\n\t\t\t\n\t<div class=\"box has-hover   has-hover box-text-bottom\" >\n\n\t\t<div class=\"box-image\" >\n\t\t\t\t\t\t<div class=\"image-cover\" style=\"padding-top:240px;\">\n\t\t\t\t<img loading=\"lazy\" decoding=\"async\" width=\"1441\" height=\"2560\" src=\"https:\/\/algarvestp.pt\/wp-content\/uploads\/2025\/07\/Networking_2-5-scaled.jpg\" class=\"attachment- size-\" alt=\"\" srcset=\"https:\/\/algarvestp.pt\/wp-content\/uploads\/2025\/07\/Networking_2-5-scaled.jpg 1441w, https:\/\/algarvestp.pt\/wp-content\/uploads\/2025\/07\/Networking_2-5-169x300.jpg 169w, https:\/\/algarvestp.pt\/wp-content\/uploads\/2025\/07\/Networking_2-5-576x1024.jpg 576w, https:\/\/algarvestp.pt\/wp-content\/uploads\/2025\/07\/Networking_2-5-768x1365.jpg 768w, https:\/\/algarvestp.pt\/wp-content\/uploads\/2025\/07\/Networking_2-5-864x1536.jpg 864w, https:\/\/algarvestp.pt\/wp-content\/uploads\/2025\/07\/Networking_2-5-1153x2048.jpg 1153w, https:\/\/algarvestp.pt\/wp-content\/uploads\/2025\/07\/Networking_2-5-7x12.jpg 7w\" sizes=\"auto, (max-width: 1441px) 100vw, 1441px\" \/>\t\t\t\t\t\t\t\t\t\t\t<\/div>\n\t\t\t\t\t<\/div>\n\n\t\t<div class=\"box-text text-center\" >\n\t\t\t<div class=\"box-text-inner\">\n\t\t\t\t\n<h4><strong>Mentoring<\/strong><\/h4>\n\t\t\t<\/div>\n\t\t<\/div>\n\t<\/div>\n\t\n\t\t<\/div>\n\t\t\t\t\t<\/div>\n\n\t\n\n\t<div id=\"col-1767131357\" class=\"col medium-3 small-12 large-3\"  >\n\t\t\t\t<div class=\"col-inner\"  >\n\t\t\t\n\t\t\t\n\t<div class=\"box has-hover   has-hover box-text-bottom\" >\n\n\t\t<div class=\"box-image\" >\n\t\t\t\t\t\t<div class=\"image-cover\" style=\"padding-top:240px;\">\n\t\t\t\t<img loading=\"lazy\" decoding=\"async\" width=\"1710\" height=\"2560\" src=\"https:\/\/algarvestp.pt\/wp-content\/uploads\/2025\/07\/DSC02362-scaled.jpg\" class=\"attachment- size-\" alt=\"\" srcset=\"https:\/\/algarvestp.pt\/wp-content\/uploads\/2025\/07\/DSC02362-scaled.jpg 1710w, https:\/\/algarvestp.pt\/wp-content\/uploads\/2025\/07\/DSC02362-200x300.jpg 200w, https:\/\/algarvestp.pt\/wp-content\/uploads\/2025\/07\/DSC02362-684x1024.jpg 684w, https:\/\/algarvestp.pt\/wp-content\/uploads\/2025\/07\/DSC02362-768x1150.jpg 768w, https:\/\/algarvestp.pt\/wp-content\/uploads\/2025\/07\/DSC02362-1026x1536.jpg 1026w, https:\/\/algarvestp.pt\/wp-content\/uploads\/2025\/07\/DSC02362-1368x2048.jpg 1368w, https:\/\/algarvestp.pt\/wp-content\/uploads\/2025\/07\/DSC02362-8x12.jpg 8w\" sizes=\"auto, (max-width: 1710px) 100vw, 1710px\" \/>\t\t\t\t\t\t\t\t\t\t\t<\/div>\n\t\t\t\t\t<\/div>\n\n\t\t<div class=\"box-text text-center\" >\n\t\t\t<div class=\"box-text-inner\">\n\t\t\t\t\n<h4><strong>Consulting<\/strong><\/h4>\n\t\t\t<\/div>\n\t\t<\/div>\n\t<\/div>\n\t\n\t\t<\/div>\n\t\t\t\t\t<\/div>\n\n\t\n\n\t<div id=\"col-1553668616\" class=\"col medium-3 small-12 large-3\"  >\n\t\t\t\t<div class=\"col-inner\"  >\n\t\t\t\n\t\t\t\n\t<div class=\"box has-hover   has-hover box-text-bottom\" >\n\n\t\t<div class=\"box-image\" >\n\t\t\t\t\t\t<div class=\"image-cover\" style=\"padding-top:240px;\">\n\t\t\t\t<img loading=\"lazy\" decoding=\"async\" width=\"1454\" height=\"2195\" src=\"https:\/\/algarvestp.pt\/wp-content\/uploads\/2025\/07\/Abertura-TLA-17-scaled-e1751456739577.jpg\" class=\"attachment- size-\" alt=\"\" srcset=\"https:\/\/algarvestp.pt\/wp-content\/uploads\/2025\/07\/Abertura-TLA-17-scaled-e1751456739577.jpg 1454w, https:\/\/algarvestp.pt\/wp-content\/uploads\/2025\/07\/Abertura-TLA-17-scaled-e1751456739577-199x300.jpg 199w, https:\/\/algarvestp.pt\/wp-content\/uploads\/2025\/07\/Abertura-TLA-17-scaled-e1751456739577-678x1024.jpg 678w, https:\/\/algarvestp.pt\/wp-content\/uploads\/2025\/07\/Abertura-TLA-17-scaled-e1751456739577-768x1159.jpg 768w, https:\/\/algarvestp.pt\/wp-content\/uploads\/2025\/07\/Abertura-TLA-17-scaled-e1751456739577-1017x1536.jpg 1017w, https:\/\/algarvestp.pt\/wp-content\/uploads\/2025\/07\/Abertura-TLA-17-scaled-e1751456739577-1357x2048.jpg 1357w, https:\/\/algarvestp.pt\/wp-content\/uploads\/2025\/07\/Abertura-TLA-17-scaled-e1751456739577-8x12.jpg 8w\" sizes=\"auto, (max-width: 1454px) 100vw, 1454px\" \/>\t\t\t\t\t\t\t\t\t\t\t<\/div>\n\t\t\t\t\t<\/div>\n\n\t\t<div class=\"box-text text-center\" >\n\t\t\t<div class=\"box-text-inner\">\n\t\t\t\t\n<h4><strong>Networkings<\/strong><\/h4>\n\t\t\t<\/div>\n\t\t<\/div>\n\t<\/div>\n\t\n\t\t<\/div>\n\t\t\t\t\t<\/div>\n\n\t\n<\/div>\n<div class=\"is-divider divider clearfix\" style=\"background-color:rgb(255, 255, 255);\"><\/div>\n<h3><strong>FOR WHOM?<\/strong><\/h3>\n<p>Startups or SME's with at least 3 years of activity <strong>or<\/strong> located in acceleration infrastructures and that:<\/p>\n<ul>\n<li>Sejam detentoras de produtos e\/ou servi\u00e7os assentes em inova\u00e7\u00e3o;<\/li>\n<li>Trabalhem em qualquer setor de atividade e valorizem a liga\u00e7\u00e3o da tecnologia\/inova\u00e7\u00e3o aos setores da Agricultura, Mar, Turismo, Energias Renov\u00e1veis, Sa\u00fade e das Ind\u00fastrias Culturais e Criativas.<\/li>\n<\/ul>\n<div class=\"is-divider divider clearfix\" style=\"background-color:rgb(255, 255, 255);\"><\/div>\n<div class=\"row\"  id=\"row-2059904344\">\n<\/div>\n\t<div id=\"gap-1961464362\" class=\"gap-element clearfix\" style=\"display:block; height:auto;\">\n\t\t\n<style>\n#gap-1961464362 {\n  padding-top: 30px;\n}\n<\/style>\n\t<\/div>\n\t\n\t<div id=\"text-1401059197\" class=\"text\">\n\t\t\n<p><strong><a href=\"https:\/\/drive.google.com\/file\/d\/1tuGp_XI9zWhgOhtneU8F04vZXZ0yYnh3\/view?usp=sharing\" target=\"_blank\" rel=\"noopener\">Click here<\/a> to consult the Program Regulations.<\/strong><\/p>\n<p><strong>More info: tla@algarvestp.pt<\/strong><\/p>\n\t\t\n<style>\n#text-1401059197 {\n  text-align: center;\n}\n<\/style>\n\t<\/div>\n\t\n\t<div id=\"gap-847321701\" class=\"gap-element clearfix\" style=\"display:block; height:auto;\">\n\t\t\n<style>\n#gap-847321701 {\n  padding-top: 30px;\n}\n<\/style>\n\t<\/div>\n\t\n\n  <div class=\"banner has-hover\" id=\"banner-260149069\">\n          <div class=\"banner-inner fill\">\n        <div class=\"banner-bg fill\" >\n            <div class=\"bg fill bg-fill\"><\/div>\n                                    \n                    <\/div>\n\t\t\n        <div class=\"banner-layers container\">\n            <div class=\"fill banner-link\"><\/div>            \n   <div id=\"text-box-954805615\" class=\"text-box banner-layer x50 md-x50 lg-x50 y50 md-y50 lg-y50 res-text\">\n                                <div class=\"text-box-content text dark\">\n              \n              <div class=\"text-inner text-center\">\n                  \n\t<div class=\"img has-hover x md-x lg-x y md-y lg-y\" id=\"image_111025747\">\n\t\t<a class=\"\" href=\"https:\/\/algarvestp.pt\/en\/repositorio\/projetos\/tec-launcher-acceleration\/\" target=\"_blank\" rel=\"noopener noreferrer\" >\t\t\t\t\t\t<div class=\"img-inner image-cover dark\" style=\"padding-top:55px;\">\n\t\t\t<img loading=\"lazy\" decoding=\"async\" width=\"1020\" height=\"147\" src=\"https:\/\/algarvestp.pt\/wp-content\/uploads\/2024\/09\/BARRA_LOGOS-COR-1024x148.png\" class=\"attachment-large size-large\" alt=\"\" srcset=\"https:\/\/algarvestp.pt\/wp-content\/uploads\/2024\/09\/BARRA_LOGOS-COR-1024x148.png 1024w, https:\/\/algarvestp.pt\/wp-content\/uploads\/2024\/09\/BARRA_LOGOS-COR-300x43.png 300w, https:\/\/algarvestp.pt\/wp-content\/uploads\/2024\/09\/BARRA_LOGOS-COR-768x111.png 768w, https:\/\/algarvestp.pt\/wp-content\/uploads\/2024\/09\/BARRA_LOGOS-COR-1536x222.png 1536w, https:\/\/algarvestp.pt\/wp-content\/uploads\/2024\/09\/BARRA_LOGOS-COR-2048x296.png 2048w, https:\/\/algarvestp.pt\/wp-content\/uploads\/2024\/09\/BARRA_LOGOS-COR-18x3.png 18w\" sizes=\"auto, (max-width: 1020px) 100vw, 1020px\" \/>\t\t\t\t\t\t\n\t\t\t\t\t<\/div>\n\t\t\t\t\t\t<\/a>\t\t\n<style>\n#image_111025747 {\n  width: 76%;\n}\n<\/style>\n\t<\/div>\n\t\n              <\/div>\n           <\/div>\n                            \n<style>\n#text-box-954805615 {\n  width: 60%;\n}\n#text-box-954805615 .text-box-content {\n  font-size: 100%;\n}\n<\/style>\n    <\/div>\n \n        <\/div>\n      <\/div>\n\n            \n<style>\n#banner-260149069 {\n  padding-top: 96px;\n  background-color: rgb(255, 255, 255);\n}\n#banner-260149069 .ux-shape-divider--top svg {\n  height: 150px;\n  --divider-top-width: 100%;\n}\n#banner-260149069 .ux-shape-divider--bottom svg {\n  height: 150px;\n  --divider-width: 100%;\n}\n<\/style>\n  <\/div>","protected":false},"excerpt":{"rendered":"<p>O PROGRAMA PARA ACELERAR O TEU NEG\u00d3CIO! O TEC LAUNCHER ACCELERATION by Algarve STP \u00e9 um programa que pretendeu apoiar ou refor\u00e7ar os processos de crescimento e internacionaliza\u00e7\u00e3o de empresas que integram o ecossistema empresarial da regi\u00e3o do Algarve, nomeadamente as empresas instaladas no UALG TEC CAMPUS &#8211; Aceleradora de Empresas da Universidade do Algarve, [&#8230;]","protected":false},"author":10,"featured_media":0,"parent":0,"menu_order":0,"comment_status":"closed","ping_status":"closed","template":"","meta":{"footnotes":""},"class_list":["post-838","page","type-page","status-publish","hentry"],"yoast_head":"<!-- This site is optimized with the Yoast SEO plugin v21.2 - https:\/\/yoast.com\/wordpress\/plugins\/seo\/ -->\n<title>TEC LAUNCHER ACCELERATION - Algarve STP<\/title>\n<meta name=\"description\" content=\"O TECH LAUNCHER ACCELERATION \u00e9 um programa que pretende apoiar os processos internacionaliza\u00e7\u00e3o de empresas que integram o ecossistema do Algarve\" \/>\n<meta name=\"robots\" content=\"index, follow, max-snippet:-1, max-image-preview:large, max-video-preview:-1\" \/>\n<link rel=\"canonical\" href=\"https:\/\/algarvestp.pt\/en\/tec-launcher-acceleration\/\" \/>\n<meta property=\"og:locale\" content=\"en_GB\" \/>\n<meta property=\"og:type\" content=\"article\" \/>\n<meta property=\"og:title\" content=\"TEC LAUNCHER ACCELERATION - Algarve STP\" \/>\n<meta property=\"og:description\" content=\"O TECH LAUNCHER ACCELERATION \u00e9 um programa que pretende apoiar os processos internacionaliza\u00e7\u00e3o de empresas que integram o ecossistema do Algarve\" \/>\n<meta property=\"og:url\" content=\"https:\/\/algarvestp.pt\/en\/tec-launcher-acceleration\/\" \/>\n<meta property=\"og:site_name\" content=\"Algarve STP\" \/>\n<meta property=\"article:modified_time\" content=\"2025-07-02T11:47:26+00:00\" \/>\n<meta name=\"twitter:card\" content=\"summary_large_image\" \/>\n<meta name=\"twitter:label1\" content=\"Estimated reading time\" \/>\n\t<meta name=\"twitter:data1\" content=\"2 minutes\" \/>\n<script type=\"application\/ld+json\" class=\"yoast-schema-graph\">{\"@context\":\"https:\/\/schema.org\",\"@graph\":[{\"@type\":\"WebPage\",\"@id\":\"https:\/\/algarvestp.pt\/tec-launcher-acceleration\/\",\"url\":\"https:\/\/algarvestp.pt\/tec-launcher-acceleration\/\",\"name\":\"TEC LAUNCHER ACCELERATION - Algarve STP\",\"isPartOf\":{\"@id\":\"https:\/\/algarvestp.pt\/en\/#website\"},\"datePublished\":\"2024-06-27T14:56:19+00:00\",\"dateModified\":\"2025-07-02T11:47:26+00:00\",\"description\":\"O TECH LAUNCHER ACCELERATION \u00e9 um programa que pretende apoiar os processos internacionaliza\u00e7\u00e3o de empresas que integram o ecossistema do Algarve\",\"breadcrumb\":{\"@id\":\"https:\/\/algarvestp.pt\/tec-launcher-acceleration\/#breadcrumb\"},\"inLanguage\":\"en-GB\",\"potentialAction\":[{\"@type\":\"ReadAction\",\"target\":[\"https:\/\/algarvestp.pt\/tec-launcher-acceleration\/\"]}]},{\"@type\":\"BreadcrumbList\",\"@id\":\"https:\/\/algarvestp.pt\/tec-launcher-acceleration\/#breadcrumb\",\"itemListElement\":[{\"@type\":\"ListItem\",\"position\":1,\"name\":\"Home\",\"item\":\"https:\/\/algarvestp.pt\/\"},{\"@type\":\"ListItem\",\"position\":2,\"name\":\"TEC LAUNCHER ACCELERATION\"}]},{\"@type\":\"WebSite\",\"@id\":\"https:\/\/algarvestp.pt\/en\/#website\",\"url\":\"https:\/\/algarvestp.pt\/en\/\",\"name\":\"Algarve STP\",\"description\":\"Algarve Systems and Technology Partnership\",\"potentialAction\":[{\"@type\":\"SearchAction\",\"target\":{\"@type\":\"EntryPoint\",\"urlTemplate\":\"https:\/\/algarvestp.pt\/en\/?s={search_term_string}\"},\"query-input\":\"required name=search_term_string\"}],\"inLanguage\":\"en-GB\"}]}<\/script>\n<!-- \/ Yoast SEO plugin. -->","yoast_head_json":{"title":"TEC LAUNCHER ACCELERATION - Algarve STP","description":"O TECH LAUNCHER ACCELERATION \u00e9 um programa que pretende apoiar os processos internacionaliza\u00e7\u00e3o de empresas que integram o ecossistema do Algarve","robots":{"index":"index","follow":"follow","max-snippet":"max-snippet:-1","max-image-preview":"max-image-preview:large","max-video-preview":"max-video-preview:-1"},"canonical":"https:\/\/algarvestp.pt\/en\/tec-launcher-acceleration\/","og_locale":"en_GB","og_type":"article","og_title":"TEC LAUNCHER ACCELERATION - Algarve STP","og_description":"O TECH LAUNCHER ACCELERATION \u00e9 um programa que pretende apoiar os processos internacionaliza\u00e7\u00e3o de empresas que integram o ecossistema do Algarve","og_url":"https:\/\/algarvestp.pt\/en\/tec-launcher-acceleration\/","og_site_name":"Algarve STP","article_modified_time":"2025-07-02T11:47:26+00:00","twitter_card":"summary_large_image","twitter_misc":{"Estimated reading time":"2 minutes"},"schema":{"@context":"https:\/\/schema.org","@graph":[{"@type":"WebPage","@id":"https:\/\/algarvestp.pt\/tec-launcher-acceleration\/","url":"https:\/\/algarvestp.pt\/tec-launcher-acceleration\/","name":"TEC LAUNCHER ACCELERATION - Algarve STP","isPartOf":{"@id":"https:\/\/algarvestp.pt\/en\/#website"},"datePublished":"2024-06-27T14:56:19+00:00","dateModified":"2025-07-02T11:47:26+00:00","description":"O TECH LAUNCHER ACCELERATION \u00e9 um programa que pretende apoiar os processos internacionaliza\u00e7\u00e3o de empresas que integram o ecossistema do Algarve","breadcrumb":{"@id":"https:\/\/algarvestp.pt\/tec-launcher-acceleration\/#breadcrumb"},"inLanguage":"en-GB","potentialAction":[{"@type":"ReadAction","target":["https:\/\/algarvestp.pt\/tec-launcher-acceleration\/"]}]},{"@type":"BreadcrumbList","@id":"https:\/\/algarvestp.pt\/tec-launcher-acceleration\/#breadcrumb","itemListElement":[{"@type":"ListItem","position":1,"name":"Home","item":"https:\/\/algarvestp.pt\/"},{"@type":"ListItem","position":2,"name":"TEC LAUNCHER ACCELERATION"}]},{"@type":"WebSite","@id":"https:\/\/algarvestp.pt\/en\/#website","url":"https:\/\/algarvestp.pt\/en\/","name":"Algarve STP","description":"Algarve Systems and Technology Partnership","potentialAction":[{"@type":"SearchAction","target":{"@type":"EntryPoint","urlTemplate":"https:\/\/algarvestp.pt\/en\/?s={search_term_string}"},"query-input":"required name=search_term_string"}],"inLanguage":"en-GB"}]}},"_links":{"self":[{"href":"https:\/\/algarvestp.pt\/en\/wp-json\/wp\/v2\/pages\/838","targetHints":{"allow":["GET"]}}],"collection":[{"href":"https:\/\/algarvestp.pt\/en\/wp-json\/wp\/v2\/pages"}],"about":[{"href":"https:\/\/algarvestp.pt\/en\/wp-json\/wp\/v2\/types\/page"}],"author":[{"embeddable":true,"href":"https:\/\/algarvestp.pt\/en\/wp-json\/wp\/v2\/users\/10"}],"replies":[{"embeddable":true,"href":"https:\/\/algarvestp.pt\/en\/wp-json\/wp\/v2\/comments?post=838"}],"version-history":[{"count":38,"href":"https:\/\/algarvestp.pt\/en\/wp-json\/wp\/v2\/pages\/838\/revisions"}],"predecessor-version":[{"id":1143,"href":"https:\/\/algarvestp.pt\/en\/wp-json\/wp\/v2\/pages\/838\/revisions\/1143"}],"wp:attachment":[{"href":"https:\/\/algarvestp.pt\/en\/wp-json\/wp\/v2\/media?parent=838"}],"curies":[{"name":"wp","href":"https:\/\/api.w.org\/{rel}","templated":true}]}}