{"id":944,"date":"2024-10-10T16:10:10","date_gmt":"2024-10-10T16:10:10","guid":{"rendered":"https:\/\/algarvestp.pt\/?page_id=944"},"modified":"2025-07-02T11:35:35","modified_gmt":"2025-07-02T11:35:35","slug":"infraestruturas","status":"publish","type":"page","link":"https:\/\/algarvestp.pt\/en\/infraestruturas\/","title":{"rendered":"GEST\u00c3O DE INFRAESTRUTURAS"},"content":{"rendered":"<h1>GEST\u00c3O DE INFRAESTRUTURAS<\/h1>\n\t<div id=\"gap-2105894316\" class=\"gap-element clearfix\" style=\"display:block; height:auto;\">\n\t\t\n<style>\n#gap-2105894316 {\n  padding-top: 30px;\n}\n<\/style>\n\t<\/div>\n\t\n<p>No \u00e2mbito da sua miss\u00e3o a Algarve STP\u00a0desenvolve a gest\u00e3o e anima\u00e7\u00e3o de espa\u00e7os de acolhimento e acelera\u00e7\u00e3o empresarial, com o objetivo de promover a proximidade e partilha de recursos entre o setor empresarial, os centros de inova\u00e7\u00e3o e projetos \u00e2ncora, oferecendo o apoio espec\u00edfico que necessitam e acesso a uma rede de contatos regional e nacional alargada.<\/p>\n<p>SAIBA MAIS SOBRE AS INFRAESTRUTURAS GERIDAS POR N\u00d3S:<\/p>\n<a rel=\"noopener noreferrer\" href=\"https:\/\/algarvestp.pt\/en\/ualg-tec-campus\/\" target=\"_blank\" class=\"button primary\"  >\n    <span>UALG TEC CAMPUS<\/span>\n  <\/a>","protected":false},"excerpt":{"rendered":"<p>GEST\u00c3O DE INFRAESTRUTURAS No \u00e2mbito da sua miss\u00e3o a Algarve STP\u00a0desenvolve a gest\u00e3o e anima\u00e7\u00e3o de espa\u00e7os de acolhimento e acelera\u00e7\u00e3o empresarial, com o objetivo de promover a proximidade e partilha de recursos entre o setor empresarial, os centros de inova\u00e7\u00e3o e projetos \u00e2ncora, oferecendo o apoio espec\u00edfico que necessitam e acesso a uma rede [&#8230;]","protected":false},"author":10,"featured_media":0,"parent":0,"menu_order":0,"comment_status":"closed","ping_status":"closed","template":"","meta":{"footnotes":""},"class_list":["post-944","page","type-page","status-publish","hentry"],"yoast_head":"<!-- This site is optimized with the Yoast SEO plugin v21.2 - https:\/\/yoast.com\/wordpress\/plugins\/seo\/ -->\n<title>GEST\u00c3O DE INFRAESTRUTURAS - Algarve STP<\/title>\n<meta name=\"robots\" content=\"index, follow, max-snippet:-1, max-image-preview:large, max-video-preview:-1\" \/>\n<link rel=\"canonical\" href=\"https:\/\/algarvestp.pt\/en\/infraestruturas\/\" \/>\n<meta property=\"og:locale\" content=\"en_GB\" \/>\n<meta property=\"og:type\" content=\"article\" \/>\n<meta property=\"og:title\" content=\"GEST\u00c3O DE INFRAESTRUTURAS - Algarve STP\" \/>\n<meta property=\"og:description\" content=\"GEST\u00c3O DE INFRAESTRUTURAS No \u00e2mbito da sua miss\u00e3o a Algarve STP\u00a0desenvolve a gest\u00e3o e anima\u00e7\u00e3o de espa\u00e7os de acolhimento e acelera\u00e7\u00e3o empresarial, com o objetivo de promover a proximidade e partilha de recursos entre o setor empresarial, os centros de inova\u00e7\u00e3o e projetos \u00e2ncora, oferecendo o apoio espec\u00edfico que necessitam e acesso a uma rede [...]\" \/>\n<meta property=\"og:url\" content=\"https:\/\/algarvestp.pt\/en\/infraestruturas\/\" \/>\n<meta property=\"og:site_name\" content=\"Algarve STP\" \/>\n<meta property=\"article:modified_time\" content=\"2025-07-02T11:35:35+00:00\" \/>\n<meta name=\"twitter:card\" content=\"summary_large_image\" \/>\n<meta name=\"twitter:label1\" content=\"Estimated reading time\" \/>\n\t<meta name=\"twitter:data1\" content=\"1 minute\" \/>\n<script type=\"application\/ld+json\" class=\"yoast-schema-graph\">{\"@context\":\"https:\/\/schema.org\",\"@graph\":[{\"@type\":\"WebPage\",\"@id\":\"https:\/\/algarvestp.pt\/infraestruturas\/\",\"url\":\"https:\/\/algarvestp.pt\/infraestruturas\/\",\"name\":\"GEST\u00c3O DE INFRAESTRUTURAS - Algarve STP\",\"isPartOf\":{\"@id\":\"https:\/\/algarvestp.pt\/en\/#website\"},\"datePublished\":\"2024-10-10T16:10:10+00:00\",\"dateModified\":\"2025-07-02T11:35:35+00:00\",\"breadcrumb\":{\"@id\":\"https:\/\/algarvestp.pt\/infraestruturas\/#breadcrumb\"},\"inLanguage\":\"en-GB\",\"potentialAction\":[{\"@type\":\"ReadAction\",\"target\":[\"https:\/\/algarvestp.pt\/infraestruturas\/\"]}]},{\"@type\":\"BreadcrumbList\",\"@id\":\"https:\/\/algarvestp.pt\/infraestruturas\/#breadcrumb\",\"itemListElement\":[{\"@type\":\"ListItem\",\"position\":1,\"name\":\"Home\",\"item\":\"https:\/\/algarvestp.pt\/\"},{\"@type\":\"ListItem\",\"position\":2,\"name\":\"GEST\u00c3O DE INFRAESTRUTURAS\"}]},{\"@type\":\"WebSite\",\"@id\":\"https:\/\/algarvestp.pt\/en\/#website\",\"url\":\"https:\/\/algarvestp.pt\/en\/\",\"name\":\"Algarve STP\",\"description\":\"Algarve Systems and Technology Partnership\",\"potentialAction\":[{\"@type\":\"SearchAction\",\"target\":{\"@type\":\"EntryPoint\",\"urlTemplate\":\"https:\/\/algarvestp.pt\/en\/?s={search_term_string}\"},\"query-input\":\"required name=search_term_string\"}],\"inLanguage\":\"en-GB\"}]}<\/script>\n<!-- \/ Yoast SEO plugin. -->","yoast_head_json":{"title":"GEST\u00c3O DE INFRAESTRUTURAS - Algarve STP","robots":{"index":"index","follow":"follow","max-snippet":"max-snippet:-1","max-image-preview":"max-image-preview:large","max-video-preview":"max-video-preview:-1"},"canonical":"https:\/\/algarvestp.pt\/en\/infraestruturas\/","og_locale":"en_GB","og_type":"article","og_title":"GEST\u00c3O DE INFRAESTRUTURAS - Algarve STP","og_description":"GEST\u00c3O DE INFRAESTRUTURAS No \u00e2mbito da sua miss\u00e3o a Algarve STP\u00a0desenvolve a gest\u00e3o e anima\u00e7\u00e3o de espa\u00e7os de acolhimento e acelera\u00e7\u00e3o empresarial, com o objetivo de promover a proximidade e partilha de recursos entre o setor empresarial, os centros de inova\u00e7\u00e3o e projetos \u00e2ncora, oferecendo o apoio espec\u00edfico que necessitam e acesso a uma rede [...]","og_url":"https:\/\/algarvestp.pt\/en\/infraestruturas\/","og_site_name":"Algarve STP","article_modified_time":"2025-07-02T11:35:35+00:00","twitter_card":"summary_large_image","twitter_misc":{"Estimated reading time":"1 minute"},"schema":{"@context":"https:\/\/schema.org","@graph":[{"@type":"WebPage","@id":"https:\/\/algarvestp.pt\/infraestruturas\/","url":"https:\/\/algarvestp.pt\/infraestruturas\/","name":"GEST\u00c3O DE INFRAESTRUTURAS - Algarve STP","isPartOf":{"@id":"https:\/\/algarvestp.pt\/en\/#website"},"datePublished":"2024-10-10T16:10:10+00:00","dateModified":"2025-07-02T11:35:35+00:00","breadcrumb":{"@id":"https:\/\/algarvestp.pt\/infraestruturas\/#breadcrumb"},"inLanguage":"en-GB","potentialAction":[{"@type":"ReadAction","target":["https:\/\/algarvestp.pt\/infraestruturas\/"]}]},{"@type":"BreadcrumbList","@id":"https:\/\/algarvestp.pt\/infraestruturas\/#breadcrumb","itemListElement":[{"@type":"ListItem","position":1,"name":"Home","item":"https:\/\/algarvestp.pt\/"},{"@type":"ListItem","position":2,"name":"GEST\u00c3O DE INFRAESTRUTURAS"}]},{"@type":"WebSite","@id":"https:\/\/algarvestp.pt\/en\/#website","url":"https:\/\/algarvestp.pt\/en\/","name":"Algarve STP","description":"Algarve Systems and Technology Partnership","potentialAction":[{"@type":"SearchAction","target":{"@type":"EntryPoint","urlTemplate":"https:\/\/algarvestp.pt\/en\/?s={search_term_string}"},"query-input":"required name=search_term_string"}],"inLanguage":"en-GB"}]}},"_links":{"self":[{"href":"https:\/\/algarvestp.pt\/en\/wp-json\/wp\/v2\/pages\/944","targetHints":{"allow":["GET"]}}],"collection":[{"href":"https:\/\/algarvestp.pt\/en\/wp-json\/wp\/v2\/pages"}],"about":[{"href":"https:\/\/algarvestp.pt\/en\/wp-json\/wp\/v2\/types\/page"}],"author":[{"embeddable":true,"href":"https:\/\/algarvestp.pt\/en\/wp-json\/wp\/v2\/users\/10"}],"replies":[{"embeddable":true,"href":"https:\/\/algarvestp.pt\/en\/wp-json\/wp\/v2\/comments?post=944"}],"version-history":[{"count":4,"href":"https:\/\/algarvestp.pt\/en\/wp-json\/wp\/v2\/pages\/944\/revisions"}],"predecessor-version":[{"id":1133,"href":"https:\/\/algarvestp.pt\/en\/wp-json\/wp\/v2\/pages\/944\/revisions\/1133"}],"wp:attachment":[{"href":"https:\/\/algarvestp.pt\/en\/wp-json\/wp\/v2\/media?parent=944"}],"curies":[{"name":"wp","href":"https:\/\/api.w.org\/{rel}","templated":true}]}}